{"id":5170,"date":"2025-05-15T11:12:12","date_gmt":"2025-05-15T15:12:12","guid":{"rendered":"https:\/\/tcan.co\/?page_id=5170"},"modified":"2025-05-29T10:50:58","modified_gmt":"2025-05-29T14:50:58","slug":"politique-de-confidentialite","status":"publish","type":"page","link":"https:\/\/tcan.co\/fr\/politique-de-confidentialite\/","title":{"rendered":"Politique de confidentialit\u00e9"},"content":{"rendered":"<div class=\"kb-row-layout-wrap kb-row-layout-id5170_a542b8-92 alignnone wp-block-kadence-rowlayout\"><div class=\"kt-row-column-wrap kt-has-1-columns kt-row-layout-equal kt-tab-layout-inherit kt-mobile-layout-row kt-row-valign-top\">\n\n<div class=\"wp-block-kadence-column kadence-column5170_39ca1e-b7\"><div class=\"kt-inside-inner-col\">\n<h1 class=\"wp-block-heading\">Politique de confidentialit\u00e9<\/h1>\n\n\n\n<h2 class=\"wp-block-heading\">Qui sommes-nous<\/h2>\n\n\n\n<p>L\u2019adresse de notre site web est : <a href=\"https:\/\/tcan.co\/fr\/\">https:\/\/tcan.co\/fr\/<\/a><\/p>\n\n\n\n<h2 class=\"wp-block-heading\">Quelles donn\u00e9es personnelles sont conserv\u00e9es et pourquoi<\/h2>\n\n\n\n<h3 class=\"wp-block-heading\">T\u00e9moins<\/h3>\n\n\n\n<p>Lors de votre arriv\u00e9e sur le site, un t\u00e9moin sera enregistr\u00e9 \u00e0 des fins d\u2019analyse des habitudes par Google Analytics. Ce t\u00e9moin recueillera:<\/p>\n\n\n\n<ul class=\"wp-block-list\">\n<li>l\u2019adresse IP tronqu\u00e9e de votre ordinateur (votre adresse IP est modifi\u00e9e, ce qui emp\u00eache de vous y relier);<\/li>\n\n\n\n<li>votre fournisseur Internet;<\/li>\n\n\n\n<li>le syst\u00e8me d\u2019exploitation (ex. : Mac OS, Windows);<\/li>\n\n\n\n<li>le type et le mod\u00e8le d\u2019appareil;<\/li>\n\n\n\n<li>la r\u00e9solution d\u2019\u00e9cran;<\/li>\n\n\n\n<li>le type, la langue, la version et autres donn\u00e9es relatives au navigateur;<\/li>\n\n\n\n<li>la r\u00e9gion ou la municipalit\u00e9, d\u00e9termin\u00e9e d\u2019apr\u00e8s l\u2019adresse IP;<\/li>\n\n\n\n<li>le domaine du site pr\u00e9c\u00e9dent visit\u00e9;<\/li>\n\n\n\n<li>le point d\u2019origine de la visite;<\/li>\n\n\n\n<li>les pages consult\u00e9es sur le site (la s\u00e9quence de consultation, les interactions dans la page, la date, l\u2019heure, la dur\u00e9e et la fr\u00e9quence de vos visites et vos activit\u00e9s [clics, d\u00e9filement d\u2019\u00e9cran, etc.].).<\/li>\n<\/ul>\n\n\n\n<p>Lorsque vous vous connecterez, nous mettrons en place un certain nombre de t\u00e9moins pour enregistrer vos informations de connexion et vos pr\u00e9f\u00e9rences d\u2019\u00e9cran. La dur\u00e9e de vie d\u2019un t\u00e9moin de connexion est de deux jours, celle d\u2019un t\u00e9moin d\u2019option d\u2019\u00e9cran est d\u2019un an.<\/p>\n\n\n\n<h2 class=\"wp-block-heading\">Contenu imbriqu\u00e9 d\u2019autres sites web<\/h2>\n\n\n\n<p>Les pages de ce site peuvent inclure des contenus int\u00e9gr\u00e9s (par exemple des vid\u00e9os, images, articles, etc.). Le contenu int\u00e9gr\u00e9 \u00e0 partir d\u2019autres sites se comporte de la m\u00eame mani\u00e8re que si le visiteur se rendait sur cet autre site.<\/p>\n\n\n\n<p>Ces sites web pourraient recueillir des donn\u00e9es sur vous, utiliser des t\u00e9moins, installer des outils de suivi tierce-partie ou suivre vos interactions avec ces contenus int\u00e9gr\u00e9s si vous disposez d\u2019un compte et \u00eates connect\u00e9 \u00e0 leur site web.<\/p>\n\n\n\n<h2 class=\"wp-block-heading\">Formulaires de contact<\/h2>\n\n\n\n<p>Toute information personnelle r\u00e9colt\u00e9e via nos formulaires de contact sera supprim\u00e9e lorsque leur utilisation ne sera plus pertinente ou \u00e0 la demande de l\u2019utilisateur.<\/p>\n\n\n\n<h2 class=\"wp-block-heading\">Pendant combien de temps vos donn\u00e9es sont-elles conserv\u00e9es ?<\/h2>\n\n\n\n<p>Pour les utilisateurs qui s\u2019enregistrent sur notre site (si cela est possible), nous conservons \u00e9galement les donn\u00e9es personnelles indiqu\u00e9es dans leur profil. Tous les utilisateurs peuvent voir, modifier ou supprimer leurs informations personnelles \u00e0 tout moment (\u00e0 l\u2019exception de leur nom d\u2019utilisateur). Les gestionnaires du site peuvent aussi voir et modifier ces informations.<\/p>\n\n\n\n<p>Les donn\u00e9es recueillies par Google Analytics sont conserv\u00e9es pour une dur\u00e9e de 2 mois.<\/p>\n\n\n\n<h2 class=\"wp-block-heading\">Quels sont vos droits sur vos donn\u00e9es ?<\/h2>\n\n\n\n<p>Vous pouvez demander la suppression des donn\u00e9es personnelles vous concernant. Ceci ne prend pas en compte les donn\u00e9es conserv\u00e9es \u00e0 des fins administratives, l\u00e9gales ou pour des raisons de s\u00e9curit\u00e9.<\/p>\n\n\n\n<h2 class=\"wp-block-heading\">Transmission de vos donn\u00e9es personnelles<\/h2>\n\n\n\n<p>Les seules donn\u00e9es transmises \u00e0 une tierce partie sont celles recueillies par Google Analytics \u00e0 des fins d\u2019analyse des habitudes des utilisatrices et utilisateurs.<\/p>\n\n\n\n<p>Derni\u00e8re modification: 20\/09\/2023<\/p>\n<\/div><\/div>\n\n<\/div><\/div>","protected":false},"excerpt":{"rendered":"<p>Politique de confidentialit\u00e9 Qui sommes-nous L\u2019adresse de notre site web est : https:\/\/tcan.co\/fr\/ Quelles donn\u00e9es personnelles sont conserv\u00e9es et pourquoi T\u00e9moins Lors de votre arriv\u00e9e sur le site, un t\u00e9moin sera enregistr\u00e9 \u00e0 des fins d\u2019analyse des habitudes par Google Analytics. Ce t\u00e9moin recueillera: Lorsque vous vous connecterez, nous mettrons en place un certain nombre [&hellip;]<\/p>\n","protected":false},"author":45,"featured_media":4171,"parent":0,"menu_order":100,"comment_status":"closed","ping_status":"closed","template":"","meta":{"_acf_changed":false,"_kad_blocks_custom_css":"","_kad_blocks_head_custom_js":"","_kad_blocks_body_custom_js":"","_kad_blocks_footer_custom_js":"","footnotes":""},"class_list":["post-5170","page","type-page","status-publish","has-post-thumbnail","hentry"],"acf":[],"taxonomy_info":[],"featured_image_src_large":["https:\/\/tcan.co\/wp-content\/uploads\/membership-banner-1024x208.webp",1024,208,true],"author_info":{"display_name":"Mark Brown","author_link":"https:\/\/tcan.co\/fr\/author\/markb\/"},"comment_info":0,"_links":{"self":[{"href":"https:\/\/tcan.co\/fr\/wp-json\/wp\/v2\/pages\/5170","targetHints":{"allow":["GET"]}}],"collection":[{"href":"https:\/\/tcan.co\/fr\/wp-json\/wp\/v2\/pages"}],"about":[{"href":"https:\/\/tcan.co\/fr\/wp-json\/wp\/v2\/types\/page"}],"author":[{"embeddable":true,"href":"https:\/\/tcan.co\/fr\/wp-json\/wp\/v2\/users\/45"}],"replies":[{"embeddable":true,"href":"https:\/\/tcan.co\/fr\/wp-json\/wp\/v2\/comments?post=5170"}],"version-history":[{"count":0,"href":"https:\/\/tcan.co\/fr\/wp-json\/wp\/v2\/pages\/5170\/revisions"}],"wp:featuredmedia":[{"embeddable":true,"href":"https:\/\/tcan.co\/fr\/wp-json\/wp\/v2\/media\/4171"}],"wp:attachment":[{"href":"https:\/\/tcan.co\/fr\/wp-json\/wp\/v2\/media?parent=5170"}],"curies":[{"name":"wp","href":"https:\/\/api.w.org\/{rel}","templated":true}]}}